{"id":388,"date":"2018-03-19T11:32:34","date_gmt":"2018-03-19T11:32:34","guid":{"rendered":"https:\/\/www.puro-atlantico.com\/?page_id=388"},"modified":"2023-07-27T08:49:45","modified_gmt":"2023-07-27T08:49:45","slug":"descargo-de-responsabilidad","status":"publish","type":"page","link":"https:\/\/www.puro-atlantico.com\/es\/descargo-de-responsabilidad\/","title":{"rendered":"Descargo de responsabilidad"},"content":{"rendered":"\n<div class=\"wp-block-uagb-container uagb-block-5fa24ccb alignfull uagb-is-root-container\"><div class=\"uagb-container-inner-blocks-wrap\">\n<h1>Descargo de responsabilidad para puro-atlantico.com<\/h1>\n<p>En esta p\u00e1gina encontrar\u00e1 el descargo de responsabilidad de puro-atlantico.com, puesto a disposici\u00f3n por Puro Atlantico. En este descargo de responsabilidad, indicamos bajo qu\u00e9 reservaci\u00f3n le ofrecemos la informaci\u00f3n en nuestro sitio web.<\/p>\n<h3>Propiedad intelectual<\/h3>\n<p>El uso de la informaci\u00f3n en este sitio web es gratuito siempre que no copie, distribuya o utilice o haga un mal uso de esta informaci\u00f3n. Solo puede volver a utilizar la informaci\u00f3n en este sitio web de acuerdo con las regulaciones de la ley obligatoria.<\/p>\n<p>Sin el permiso expreso por escrito de Puro Atlantico, no est\u00e1 permitido reutilizar texto, material fotogr\u00e1fico u otros materiales en este sitio web. La propiedad intelectual pertenece a Puro Atlantico.<\/p>\n<h3>Sin garant\u00eda de precisi\u00f3n<\/h3>\n<p>Para los precios en nuestro sitio web, nos esforzamos por la representaci\u00f3n m\u00e1s precisa de la realidad y los precios previstos. Los errores que surgen y son reconocibles como errores de programaci\u00f3n o de tipeo nunca forman un motivo para reclamar o asumir un contrato o acuerdo con Puro Atlantico.<\/p>\n<p>Puro Atlantico se esfuerza por tener un sitio web lo m\u00e1s actualizado posible. Si, a pesar de estos esfuerzos, la informaci\u00f3n o el contenido de este sitio web est\u00e1 incompleto y \/ o es incorrecto, no podemos aceptar ninguna responsabilidad por esto.<\/p>\n<p>La informaci\u00f3n y \/ o productos en este sitio web se ofrecen sin ning\u00fan tipo de garant\u00eda y \/ o reclamo de correcci\u00f3n. Nos reservamos el derecho de cambiar, eliminar o volver a instalar estos materiales sin previo aviso. Puro Atlantico no acepta ninguna responsabilidad por la informaci\u00f3n contenida en los sitios web a los que nos referimos a trav\u00e9s de hiperv\u00ednculos.<\/p>\n<h3>Enmiendas<\/h3>\n<p>Si esta cl\u00e1usula de exenci\u00f3n de responsabilidad cambia, encontrar\u00e1 la versi\u00f3n m\u00e1s reciente de la exenci\u00f3n de responsabilidad en puro-atlantico.com.<\/p>\n<p><em>Este descargo de responsabilidad se genera en <a href=\"https:\/\/disclaimerwebsitevoorbeeld.nl\/\" target=\"_blank\" rel=\"noopener noreferrer nofollow\">https:\/\/disclaimerwebsitevoorbeeld.nl\/<\/a>\u00a0y luego se traduce al Espa\u00f1ol.<\/em><\/p>\n<\/div><\/div>\n","protected":false},"excerpt":{"rendered":"<p>Descargo de responsabilidad para puro-atlantico.com En esta p\u00e1gina encontrar\u00e1 el descargo de responsabilidad de puro-atlantico.com, puesto a disposici\u00f3n por Puro [&hellip;]<\/p>\n","protected":false},"author":2,"featured_media":0,"parent":0,"menu_order":0,"comment_status":"closed","ping_status":"closed","template":"","meta":{"_uag_custom_page_level_css":"","site-sidebar-layout":"default","site-content-layout":"","ast-site-content-layout":"default","site-content-style":"default","site-sidebar-style":"default","ast-global-header-display":"","ast-banner-title-visibility":"","ast-main-header-display":"","ast-hfb-above-header-display":"","ast-hfb-below-header-display":"","ast-hfb-mobile-header-display":"","site-post-title":"","ast-breadcrumbs-content":"","ast-featured-img":"","footer-sml-layout":"","ast-disable-related-posts":"","theme-transparent-header-meta":"","adv-header-id-meta":"","stick-header-meta":"","header-above-stick-meta":"","header-main-stick-meta":"","header-below-stick-meta":"","astra-migrate-meta-layouts":"default","ast-page-background-enabled":"default","ast-page-background-meta":{"desktop":{"background-color":"var(--ast-global-color-4)","background-image":"","background-repeat":"repeat","background-position":"center center","background-size":"auto","background-attachment":"scroll","background-type":"","background-media":"","overlay-type":"","overlay-color":"","overlay-opacity":"","overlay-gradient":""},"tablet":{"background-color":"","background-image":"","background-repeat":"repeat","background-position":"center center","background-size":"auto","background-attachment":"scroll","background-type":"","background-media":"","overlay-type":"","overlay-color":"","overlay-opacity":"","overlay-gradient":""},"mobile":{"background-color":"","background-image":"","background-repeat":"repeat","background-position":"center center","background-size":"auto","background-attachment":"scroll","background-type":"","background-media":"","overlay-type":"","overlay-color":"","overlay-opacity":"","overlay-gradient":""}},"ast-content-background-meta":{"desktop":{"background-color":"var(--ast-global-color-5)","background-image":"","background-repeat":"repeat","background-position":"center center","background-size":"auto","background-attachment":"scroll","background-type":"","background-media":"","overlay-type":"","overlay-color":"","overlay-opacity":"","overlay-gradient":""},"tablet":{"background-color":"var(--ast-global-color-5)","background-image":"","background-repeat":"repeat","background-position":"center center","background-size":"auto","background-attachment":"scroll","background-type":"","background-media":"","overlay-type":"","overlay-color":"","overlay-opacity":"","overlay-gradient":""},"mobile":{"background-color":"var(--ast-global-color-5)","background-image":"","background-repeat":"repeat","background-position":"center center","background-size":"auto","background-attachment":"scroll","background-type":"","background-media":"","overlay-type":"","overlay-color":"","overlay-opacity":"","overlay-gradient":""}},"footnotes":""},"class_list":["post-388","page","type-page","status-publish","hentry"],"yoast_head":"<!-- This site is optimized with the Yoast SEO plugin v27.3 - https:\/\/yoast.com\/product\/yoast-seo-wordpress\/ -->\n<title>Descargo de responsabilidad - Puro Atlantico - Casas con vistas al mar y piscina en La Palma<\/title>\n<meta name=\"robots\" content=\"index, follow, max-snippet:-1, max-image-preview:large, max-video-preview:-1\" \/>\n<link rel=\"canonical\" href=\"https:\/\/www.puro-atlantico.com\/es\/descargo-de-responsabilidad\/\" \/>\n<meta property=\"og:locale\" content=\"es_ES\" \/>\n<meta property=\"og:type\" content=\"article\" \/>\n<meta property=\"og:title\" content=\"Descargo de responsabilidad - Puro Atlantico - Casas con vistas al mar y piscina en La Palma\" \/>\n<meta property=\"og:description\" content=\"Descargo de responsabilidad para puro-atlantico.com En esta p\u00e1gina encontrar\u00e1 el descargo de responsabilidad de puro-atlantico.com, puesto a disposici\u00f3n por Puro [&hellip;]\" \/>\n<meta property=\"og:url\" content=\"https:\/\/www.puro-atlantico.com\/es\/descargo-de-responsabilidad\/\" \/>\n<meta property=\"og:site_name\" content=\"Puro Atlantico - Casas con vistas al mar y piscina en La Palma\" \/>\n<meta property=\"article:modified_time\" content=\"2023-07-27T08:49:45+00:00\" \/>\n<meta name=\"twitter:card\" content=\"summary_large_image\" \/>\n<meta name=\"twitter:label1\" content=\"Tiempo de lectura\" \/>\n\t<meta name=\"twitter:data1\" content=\"2 minutos\" \/>\n<script type=\"application\/ld+json\" class=\"yoast-schema-graph\">{\"@context\":\"https:\\\/\\\/schema.org\",\"@graph\":[{\"@type\":\"WebPage\",\"@id\":\"https:\\\/\\\/www.puro-atlantico.com\\\/es\\\/descargo-de-responsabilidad\\\/\",\"url\":\"https:\\\/\\\/www.puro-atlantico.com\\\/es\\\/descargo-de-responsabilidad\\\/\",\"name\":\"Descargo de responsabilidad - Puro Atlantico - Casas con vistas al mar y piscina en La Palma\",\"isPartOf\":{\"@id\":\"https:\\\/\\\/www.puro-atlantico.com\\\/es\\\/#website\"},\"datePublished\":\"2018-03-19T11:32:34+00:00\",\"dateModified\":\"2023-07-27T08:49:45+00:00\",\"breadcrumb\":{\"@id\":\"https:\\\/\\\/www.puro-atlantico.com\\\/es\\\/descargo-de-responsabilidad\\\/#breadcrumb\"},\"inLanguage\":\"es\",\"potentialAction\":[{\"@type\":\"ReadAction\",\"target\":[\"https:\\\/\\\/www.puro-atlantico.com\\\/es\\\/descargo-de-responsabilidad\\\/\"]}]},{\"@type\":\"BreadcrumbList\",\"@id\":\"https:\\\/\\\/www.puro-atlantico.com\\\/es\\\/descargo-de-responsabilidad\\\/#breadcrumb\",\"itemListElement\":[{\"@type\":\"ListItem\",\"position\":1,\"name\":\"Home\",\"item\":\"https:\\\/\\\/www.puro-atlantico.com\\\/es\\\/\"},{\"@type\":\"ListItem\",\"position\":2,\"name\":\"Descargo de responsabilidad\"}]},{\"@type\":\"WebSite\",\"@id\":\"https:\\\/\\\/www.puro-atlantico.com\\\/es\\\/#website\",\"url\":\"https:\\\/\\\/www.puro-atlantico.com\\\/es\\\/\",\"name\":\"Puro Atlantico - Casas con vistas al mar y piscina en La Palma\",\"description\":\"home\",\"publisher\":{\"@id\":\"https:\\\/\\\/www.puro-atlantico.com\\\/es\\\/#organization\"},\"potentialAction\":[{\"@type\":\"SearchAction\",\"target\":{\"@type\":\"EntryPoint\",\"urlTemplate\":\"https:\\\/\\\/www.puro-atlantico.com\\\/es\\\/?s={search_term_string}\"},\"query-input\":{\"@type\":\"PropertyValueSpecification\",\"valueRequired\":true,\"valueName\":\"search_term_string\"}}],\"inLanguage\":\"es\"},{\"@type\":\"Organization\",\"@id\":\"https:\\\/\\\/www.puro-atlantico.com\\\/es\\\/#organization\",\"name\":\"Puro Atlantico La Palma\",\"url\":\"https:\\\/\\\/www.puro-atlantico.com\\\/es\\\/\",\"logo\":{\"@type\":\"ImageObject\",\"inLanguage\":\"es\",\"@id\":\"https:\\\/\\\/www.puro-atlantico.com\\\/es\\\/#\\\/schema\\\/logo\\\/image\\\/\",\"url\":\"https:\\\/\\\/www.puro-atlantico.com\\\/wp-content\\\/uploads\\\/logo.png\",\"contentUrl\":\"https:\\\/\\\/www.puro-atlantico.com\\\/wp-content\\\/uploads\\\/logo.png\",\"width\":258,\"height\":154,\"caption\":\"Puro Atlantico La Palma\"},\"image\":{\"@id\":\"https:\\\/\\\/www.puro-atlantico.com\\\/es\\\/#\\\/schema\\\/logo\\\/image\\\/\"}}]}<\/script>\n<!-- \/ Yoast SEO plugin. -->","yoast_head_json":{"title":"Descargo de responsabilidad - Puro Atlantico - Casas con vistas al mar y piscina en La Palma","robots":{"index":"index","follow":"follow","max-snippet":"max-snippet:-1","max-image-preview":"max-image-preview:large","max-video-preview":"max-video-preview:-1"},"canonical":"https:\/\/www.puro-atlantico.com\/es\/descargo-de-responsabilidad\/","og_locale":"es_ES","og_type":"article","og_title":"Descargo de responsabilidad - Puro Atlantico - Casas con vistas al mar y piscina en La Palma","og_description":"Descargo de responsabilidad para puro-atlantico.com En esta p\u00e1gina encontrar\u00e1 el descargo de responsabilidad de puro-atlantico.com, puesto a disposici\u00f3n por Puro [&hellip;]","og_url":"https:\/\/www.puro-atlantico.com\/es\/descargo-de-responsabilidad\/","og_site_name":"Puro Atlantico - Casas con vistas al mar y piscina en La Palma","article_modified_time":"2023-07-27T08:49:45+00:00","twitter_card":"summary_large_image","twitter_misc":{"Tiempo de lectura":"2 minutos"},"schema":{"@context":"https:\/\/schema.org","@graph":[{"@type":"WebPage","@id":"https:\/\/www.puro-atlantico.com\/es\/descargo-de-responsabilidad\/","url":"https:\/\/www.puro-atlantico.com\/es\/descargo-de-responsabilidad\/","name":"Descargo de responsabilidad - Puro Atlantico - Casas con vistas al mar y piscina en La Palma","isPartOf":{"@id":"https:\/\/www.puro-atlantico.com\/es\/#website"},"datePublished":"2018-03-19T11:32:34+00:00","dateModified":"2023-07-27T08:49:45+00:00","breadcrumb":{"@id":"https:\/\/www.puro-atlantico.com\/es\/descargo-de-responsabilidad\/#breadcrumb"},"inLanguage":"es","potentialAction":[{"@type":"ReadAction","target":["https:\/\/www.puro-atlantico.com\/es\/descargo-de-responsabilidad\/"]}]},{"@type":"BreadcrumbList","@id":"https:\/\/www.puro-atlantico.com\/es\/descargo-de-responsabilidad\/#breadcrumb","itemListElement":[{"@type":"ListItem","position":1,"name":"Home","item":"https:\/\/www.puro-atlantico.com\/es\/"},{"@type":"ListItem","position":2,"name":"Descargo de responsabilidad"}]},{"@type":"WebSite","@id":"https:\/\/www.puro-atlantico.com\/es\/#website","url":"https:\/\/www.puro-atlantico.com\/es\/","name":"Puro Atlantico - Casas con vistas al mar y piscina en La Palma","description":"home","publisher":{"@id":"https:\/\/www.puro-atlantico.com\/es\/#organization"},"potentialAction":[{"@type":"SearchAction","target":{"@type":"EntryPoint","urlTemplate":"https:\/\/www.puro-atlantico.com\/es\/?s={search_term_string}"},"query-input":{"@type":"PropertyValueSpecification","valueRequired":true,"valueName":"search_term_string"}}],"inLanguage":"es"},{"@type":"Organization","@id":"https:\/\/www.puro-atlantico.com\/es\/#organization","name":"Puro Atlantico La Palma","url":"https:\/\/www.puro-atlantico.com\/es\/","logo":{"@type":"ImageObject","inLanguage":"es","@id":"https:\/\/www.puro-atlantico.com\/es\/#\/schema\/logo\/image\/","url":"https:\/\/www.puro-atlantico.com\/wp-content\/uploads\/logo.png","contentUrl":"https:\/\/www.puro-atlantico.com\/wp-content\/uploads\/logo.png","width":258,"height":154,"caption":"Puro Atlantico La Palma"},"image":{"@id":"https:\/\/www.puro-atlantico.com\/es\/#\/schema\/logo\/image\/"}}]}},"spectra_custom_meta":{"_edit_lock":["1690447787:2"],"_edit_last":["2"],"_yoast_wpseo_content_score":["60"],"_wp_page_template":[""],"_last_translation_edit_mode":["native-editor"],"_yoast_wpseo_estimated-reading-time-minutes":["2"],"_yoast_wpseo_wordproof_timestamp":[""],"_uag_css_file_name":["uag-css-388-1695174854.css"],"_uag_page_assets":["a:9:{s:3:\"css\";s:2425:\".wp-block-uagb-container.uagb-block-5fa24ccb .uagb-container__shape-top svg{width: calc( 100% + 1.3px );}.wp-block-uagb-container.uagb-block-5fa24ccb .uagb-container__shape.uagb-container__shape-top .uagb-container__shape-fill{fill: rgba(51,51,51,1);}.wp-block-uagb-container.uagb-block-5fa24ccb .uagb-container__shape-bottom svg{width: calc( 100% + 1.3px );}.wp-block-uagb-container.uagb-block-5fa24ccb .uagb-container__shape.uagb-container__shape-bottom .uagb-container__shape-fill{fill: rgba(51,51,51,1);}.wp-block-uagb-container.uagb-block-5fa24ccb .uagb-container__video-wrap video{opacity: 1;}.wp-block-uagb-container.uagb-is-root-container .uagb-block-5fa24ccb{max-width: 100%;width: 100%;}.wp-block-uagb-container.uagb-is-root-container.alignfull.uagb-block-5fa24ccb > .uagb-container-inner-blocks-wrap{--inner-content-custom-width: min( 100%, 1150px);max-width: var(--inner-content-custom-width);width: 100%;flex-direction: column;align-items: flex-start;justify-content: flex-start;flex-wrap: nowrap;row-gap: 0px;column-gap: 0px;}.wp-block-uagb-container.uagb-block-5fa24ccb{box-shadow: 0px 0px   #00000070 ;padding-top: 0px;padding-bottom: 0px;padding-left: 0px;padding-right: 0px;margin-top:  !important;margin-bottom:  !important;overflow: visible;order: initial;border-color: inherit;row-gap: 0px;column-gap: 0px;}@media only screen and (max-width: 976px) {.wp-block-uagb-container.uagb-is-root-container .uagb-block-5fa24ccb{width: 100%;}.wp-block-uagb-container.uagb-is-root-container.alignfull.uagb-block-5fa24ccb > .uagb-container-inner-blocks-wrap{--inner-content-custom-width: min( 100%, 1024px);max-width: var(--inner-content-custom-width);width: 100%;}.wp-block-uagb-container.uagb-block-5fa24ccb{padding-top: 0px;padding-bottom: 0px;padding-left: 0px;padding-right: 0px;margin-top:  !important;margin-bottom:  !important;order: initial;}}@media only screen and (max-width: 767px) {.wp-block-uagb-container.uagb-is-root-container .uagb-block-5fa24ccb{max-width: 100%;width: 100%;}.wp-block-uagb-container.uagb-is-root-container.alignfull.uagb-block-5fa24ccb > .uagb-container-inner-blocks-wrap{--inner-content-custom-width: min( 100%, 767px);max-width: var(--inner-content-custom-width);width: 100%;flex-wrap: wrap;}.wp-block-uagb-container.uagb-block-5fa24ccb{padding-top: 0px;padding-bottom: 0px;padding-left: 0px;padding-right: 0px;margin-top:  !important;margin-bottom:  !important;order: initial;}}\";s:2:\"js\";s:0:\"\";s:18:\"current_block_list\";a:2:{i:0;s:14:\"uagb\/container\";i:1;s:13:\"core\/freeform\";}s:8:\"uag_flag\";b:1;s:11:\"uag_version\";s:10:\"1775769834\";s:6:\"gfonts\";a:0:{}s:10:\"gfonts_url\";s:0:\"\";s:12:\"gfonts_files\";a:0:{}s:14:\"uag_faq_layout\";b:0;}"]},"uagb_featured_image_src":{"full":false,"thumbnail":false,"medium":false,"medium_large":false,"large":false,"1536x1536":false,"2048x2048":false},"uagb_author_info":{"display_name":"itlapalma","author_link":"https:\/\/www.puro-atlantico.com\/es\/author\/itlapalma\/"},"uagb_comment_info":0,"uagb_excerpt":"Descargo de responsabilidad para puro-atlantico.com En esta p\u00e1gina encontrar\u00e1 el descargo de responsabilidad de puro-atlantico.com, puesto a disposici\u00f3n por Puro [&hellip;]","_links":{"self":[{"href":"https:\/\/www.puro-atlantico.com\/es\/wp-json\/wp\/v2\/pages\/388","targetHints":{"allow":["GET"]}}],"collection":[{"href":"https:\/\/www.puro-atlantico.com\/es\/wp-json\/wp\/v2\/pages"}],"about":[{"href":"https:\/\/www.puro-atlantico.com\/es\/wp-json\/wp\/v2\/types\/page"}],"author":[{"embeddable":true,"href":"https:\/\/www.puro-atlantico.com\/es\/wp-json\/wp\/v2\/users\/2"}],"replies":[{"embeddable":true,"href":"https:\/\/www.puro-atlantico.com\/es\/wp-json\/wp\/v2\/comments?post=388"}],"version-history":[{"count":0,"href":"https:\/\/www.puro-atlantico.com\/es\/wp-json\/wp\/v2\/pages\/388\/revisions"}],"wp:attachment":[{"href":"https:\/\/www.puro-atlantico.com\/es\/wp-json\/wp\/v2\/media?parent=388"}],"curies":[{"name":"wp","href":"https:\/\/api.w.org\/{rel}","templated":true}]}}